{"id":5,"date":"2017-11-15T09:03:34","date_gmt":"2017-11-15T09:03:34","guid":{"rendered":"http:\/\/pratensis.hu\/WP\/?page_id=5"},"modified":"2022-02-22T16:06:31","modified_gmt":"2022-02-22T16:06:31","slug":"home","status":"publish","type":"page","link":"https:\/\/pratensis.hu\/WP\/","title":{"rendered":"Home"},"content":{"rendered":"<p><div class=\"fusion-fullwidth fullwidth-box fusion-parallax-none hundred-percent-fullwidth non-hundred-percent-height-scrolling\"  style='background-color: rgba(255,255,255,0);background-image: url(\"http:\/\/pratensis.hu\/WP\/wp-content\/uploads\/2018\/03\/intro_bg.jpg\");background-position: center bottom;background-repeat: no-repeat;padding-top:9%;padding-right:5%;padding-bottom:0px;padding-left:5%;-webkit-background-size:cover;-moz-background-size:cover;-o-background-size:cover;background-size:cover;'><div class=\"fusion-builder-row fusion-row \"><div  class=\"fusion-layout-column fusion_builder_column fusion_builder_column_1_5 fusion-builder-column-1 fusion-one-fifth fusion-column-first fusion-no-small-visibility 1_5\"  style='margin-top:0px;margin-bottom:20px;width:20%;width:calc(20% - ( ( 3% + 3% ) * 0.2 ) );margin-right: 3%;'>\n\t\t\t\t\t<div class=\"fusion-column-wrapper\" style=\"padding: 0px 0px 0px 0px;background-position:left top;background-repeat:no-repeat;-webkit-background-size:cover;-moz-background-size:cover;-o-background-size:cover;background-size:cover;\"   data-bg-url=\"\">\n\t\t\t\t\t\t<div class=\"fusion-clearfix\"><\/div>\n\n\t\t\t\t\t<\/div>\n\t\t\t\t<\/div><div  class=\"fusion-layout-column fusion_builder_column fusion_builder_column_3_5 fusion-builder-column-2 fusion-three-fifth 3_5\"  style='margin-top:0px;margin-bottom:40px;width:60%;width:calc(60% - ( ( 3% + 3% ) * 0.6 ) );margin-right: 3%;'>\n\t\t\t\t\t<div class=\"fusion-column-wrapper\" style=\"padding: 70px 8% 3% 8%;background-position:left top;background-repeat:no-repeat;-webkit-background-size:cover;-moz-background-size:cover;-o-background-size:cover;background-size:cover;\"   data-bg-url=\"\">\n\t\t\t\t\t\t<div class=\"imageframe-align-center\"><span class=\"fusion-imageframe imageframe-none imageframe-1 hover-type-none\"><img loading=\"lazy\" src=\"http:\/\/pratensis.hu\/WP\/wp-content\/uploads\/2019\/04\/logo-v2-poa-256x300.png\" width=\"256\" height=\"300\" alt=\"\" title=\"logo-v2-poa\" class=\"img-responsive wp-image-2235\" srcset=\"https:\/\/pratensis.hu\/WP\/wp-content\/uploads\/2019\/04\/logo-v2-poa-200x234.png 200w, https:\/\/pratensis.hu\/WP\/wp-content\/uploads\/2019\/04\/logo-v2-poa-400x468.png 400w, https:\/\/pratensis.hu\/WP\/wp-content\/uploads\/2019\/04\/logo-v2-poa-600x702.png 600w, https:\/\/pratensis.hu\/WP\/wp-content\/uploads\/2019\/04\/logo-v2-poa-800x936.png 800w, https:\/\/pratensis.hu\/WP\/wp-content\/uploads\/2019\/04\/logo-v2-poa.png 884w\" sizes=\"(max-width: 800px) 100vw, 600px\" \/><\/span><\/div><div class=\"fusion-sep-clear\"><\/div><div class=\"fusion-separator fusion-full-width-sep sep-none\" style=\"margin-left: auto;margin-right: auto;margin-top:;margin-bottom:50px;\"><\/div><div class=\"fusion-title title fusion-title-1 fusion-sep-none fusion-title-center fusion-title-size-one\" style=\"margin-top:20px;margin-bottom:20px;\"><h1 class=\"title-heading-center\" style=\"margin:0;\"><span style=\"color: #917852;\">POA PRATENSIS BLUEGRASS BAND<\/span><\/h1><\/div><div class=\"fusion-sep-clear\"><\/div><div class=\"fusion-separator sep-single sep-solid\" style=\"border-color:#917852;border-top-width:1px;margin-left: auto;margin-right: auto;margin-top:20px;margin-bottom:45px;width:100%;max-width:205px;\"><\/div><div class=\"fusion-text\"><p style=\"text-align: center;\">A zenekar 2008-ban, az Abaligeten megrendezett VII. Nemzetk\u00f6zi Bluegrass \u00e9s Akusztikus Zenei Fesztiv\u00e1l ut\u00e1n alakult. A c\u00e9l az volt, hogy bluegrass-t \u00e9s csakis bluegrass-t j\u00e1tszunk. Indul\u00e1skor eld\u00f6nt\u00f6tt\u00fck, hogy gospel vagy m\u00e1s m\u0171fajb\u00f3l j\u00f6v\u0151 dalok ki vannak z\u00e1rva. Persze a gondolkod\u00e1sunk az \u00e9vek folyt\u00e1n sokat v\u00e1lozott, \u00e9s ma a tradicion\u00e1lis bluegrass dalokon t\u00fal j\u00e1tszunk country, gospel, swing, s\u0151t ak\u00e1r popul\u00e1ris dalokat is.<\/p>\n<\/div><div class=\"fusion-title title fusion-title-2 fusion-sep-none fusion-title-center fusion-title-size-one\" style=\"margin-top:32px;margin-bottom:20px;\"><h1 class=\"title-heading-center\" style=\"margin:0;\"><span style=\"color: #917852;\">MI AZ A BLUEGRASS?<\/span><\/h1><\/div><div class=\"fusion-sep-clear\"><\/div><div class=\"fusion-separator sep-single sep-solid\" style=\"border-color:#917852;border-top-width:1px;margin-left: auto;margin-right: auto;margin-top:20px;margin-bottom:45px;width:100%;max-width:205px;\"><\/div><div class=\"fusion-text\"><p style=\"text-align: center;\">A bluegrass t\u00f6rt\u00e9net\u00e9t az 1940-es \u00e9vekt\u0151l sz\u00e1m\u00edtj\u00e1k, \u00e9s az appalache hegys\u00e9gb\u0151l eredeztetik. Eredetileg az angol, \u00edr, sk\u00f3t telepesek \u00e1ltal behozott dallamok keveredtek, az amerikai blues \u00e9s jazz m\u0171faj st\u00edlusjegyeivel. Tipikusan akusztikus hangszerekkel j\u00e1tssz\u00e1k, mint bendzs\u00f3, git\u00e1r, mandolin, dobro, nagyb\u0151g\u0151.<\/p>\n<\/div><div class=\"fusion-clearfix\"><\/div>\n\n\t\t\t\t\t<\/div>\n\t\t\t\t<\/div><div  class=\"fusion-layout-column fusion_builder_column fusion_builder_column_1_5 fusion-builder-column-3 fusion-one-fifth fusion-column-last fusion-no-small-visibility 1_5\"  style='margin-top:0px;margin-bottom:20px;width:20%;width:calc(20% - ( ( 3% + 3% ) * 0.2 ) );'>\n\t\t\t\t\t<div class=\"fusion-column-wrapper\" style=\"padding: 0px 0px 0px 0px;background-position:left top;background-repeat:no-repeat;-webkit-background-size:cover;-moz-background-size:cover;-o-background-size:cover;background-size:cover;\"   data-bg-url=\"\">\n\t\t\t\t\t\t<div class=\"fusion-clearfix\"><\/div>\n\n\t\t\t\t\t<\/div>\n\t\t\t\t<\/div><div  class=\"fusion-layout-column fusion_builder_column fusion_builder_column_1_1 fusion-builder-column-4 fusion-one-full fusion-column-first fusion-column-last 1_1\"  style='margin-top:0px;margin-bottom:-8%;'>\n\t\t\t\t\t<div class=\"fusion-column-wrapper\" style=\"padding: 0px 0px 0px 0px;background-position:left top;background-repeat:no-repeat;-webkit-background-size:cover;-moz-background-size:cover;-o-background-size:cover;background-size:cover;\"   data-bg-url=\"\">\n\t\t\t\t\t\t<div class=\"fusion-builder-row fusion-builder-row-inner fusion-row \"><div  class=\"fusion-layout-column fusion_builder_column fusion_builder_column_1_1  fusion-one-full fusion-column-first fusion-column-last 1_1\"  style='margin-top: 0px;margin-bottom: -80px;'><div class=\"fusion-column-wrapper\" style=\"padding: 0px 0px 0px 0px;background-position:left top;background-repeat:no-repeat;-webkit-background-size:cover;-moz-background-size:cover;-o-background-size:cover;background-size:cover;\"  data-bg-url=\"\"><div class=\"imageframe-align-center\"><span class=\"fusion-imageframe imageframe-none imageframe-2 hover-type-none\"><img loading=\"lazy\" src=\"http:\/\/pratensis.hu\/WP\/wp-content\/uploads\/2020\/05\/zenekari-foto.png\" width=\"\" height=\"\" alt=\"\" title=\"zenekari-foto\" class=\"img-responsive wp-image-2291\" srcset=\"https:\/\/pratensis.hu\/WP\/wp-content\/uploads\/2020\/05\/zenekari-foto-200x133.png 200w, https:\/\/pratensis.hu\/WP\/wp-content\/uploads\/2020\/05\/zenekari-foto-400x267.png 400w, https:\/\/pratensis.hu\/WP\/wp-content\/uploads\/2020\/05\/zenekari-foto-600x400.png 600w, https:\/\/pratensis.hu\/WP\/wp-content\/uploads\/2020\/05\/zenekari-foto-800x533.png 800w, https:\/\/pratensis.hu\/WP\/wp-content\/uploads\/2020\/05\/zenekari-foto-1200x800.png 1200w, https:\/\/pratensis.hu\/WP\/wp-content\/uploads\/2020\/05\/zenekari-foto.png 1280w\" sizes=\"(max-width: 800px) 100vw, 1280px\" \/><\/span><\/div><\/div><\/div><\/div><div class=\"fusion-clearfix\"><\/div>\n\n\t\t\t\t\t<\/div>\n\t\t\t\t<\/div><\/div><\/div><div class=\"fusion-fullwidth fullwidth-box fusion-parallax-none hundred-percent-fullwidth non-hundred-percent-height-scrolling\"  style='background-color: rgba(255,255,255,0);background-image: url(\"http:\/\/pratensis.hu\/WP\/wp-content\/uploads\/2018\/03\/testimonials_bg.jpg\");background-position: center center;background-repeat: no-repeat;padding-top:15%;padding-right:0px;padding-bottom:0px;padding-left:0px;-webkit-background-size:cover;-moz-background-size:cover;-o-background-size:cover;background-size:cover;'><div class=\"fusion-builder-row fusion-row \"><div  class=\"fusion-layout-column fusion_builder_column fusion_builder_column_1_4 fusion-builder-column-5 fusion-one-fourth fusion-column-first fusion-no-small-visibility 1_4\"  style='margin-top:0px;margin-bottom:20px;width:25%;width:calc(25% - ( ( 4% + 4% ) * 0.25 ) );margin-right: 4%;'>\n\t\t\t\t\t<div class=\"fusion-column-wrapper\" style=\"padding: 0px 0px 0px 0px;background-position:left top;background-repeat:no-repeat;-webkit-background-size:cover;-moz-background-size:cover;-o-background-size:cover;background-size:cover;\"   data-bg-url=\"\">\n\t\t\t\t\t\t<div class=\"fusion-clearfix\"><\/div>\n\n\t\t\t\t\t<\/div>\n\t\t\t\t<\/div><div  class=\"fusion-layout-column fusion_builder_column fusion_builder_column_1_2 fusion-builder-column-6 fusion-one-half 1_2\"  style='margin-top:0px;margin-bottom:20px;width:50%;width:calc(50% - ( ( 4% + 4% ) * 0.5 ) );margin-right: 4%;'>\n\t\t\t\t\t<div class=\"fusion-column-wrapper\" style=\"padding: 120px 0px 60px 0px;background-position:left top;background-repeat:no-repeat;-webkit-background-size:cover;-moz-background-size:cover;-o-background-size:cover;background-size:cover;\"   data-bg-url=\"\">\n\t\t\t\t\t\t<div class=\"fusion-title title fusion-title-3 fusion-sep-none fusion-title-center fusion-title-size-two\" style=\"margin-top:20px;margin-bottom:20px;\"><h2 class=\"title-heading-center\" style=\"margin:0;\">HALLGASS BELE!<\/h2><\/div><div class=\"fusion-sep-clear\"><\/div><div class=\"fusion-separator sep-single sep-solid\" style=\"border-color:#917852;border-top-width:1px;margin-left: auto;margin-right: auto;margin-top:20px;margin-bottom:45px;width:100%;max-width:105px;\"><\/div><div class=\"fusion-soundcloud\"><iframe scrolling=\"no\" frameborder=\"no\" width=\"100%\" height=\"166\" src=\"https:\/\/w.soundcloud.com\/player\/?url=https:\/\/soundcloud.com\/poa-pratensis\/dust-in-a-baggie&amp;auto_play=false&amp;hide_related=true&amp;show_comments=false&amp;show_user=true&amp;show_reposts=false&amp;visual=false&amp;color=ff7700\" title=\"soundcloud\"><\/iframe><\/div><div class=\"fusion-soundcloud\"><iframe scrolling=\"no\" frameborder=\"no\" width=\"100%\" height=\"166\" src=\"https:\/\/w.soundcloud.com\/player\/?url=https:\/\/soundcloud.com\/poa-pratensis\/ahol-a-lusta-folyo&amp;auto_play=false&amp;hide_related=true&amp;show_comments=false&amp;show_user=true&amp;show_reposts=false&amp;visual=false&amp;color=ff7700\" title=\"soundcloud\"><\/iframe><\/div><div class=\"fusion-soundcloud\"><iframe scrolling=\"no\" frameborder=\"no\" width=\"100%\" height=\"166\" src=\"https:\/\/w.soundcloud.com\/player\/?url=https:\/\/soundcloud.com\/poa-pratensis\/sitting-on-top-of-the-world&amp;auto_play=false&amp;hide_related=true&amp;show_comments=false&amp;show_user=true&amp;show_reposts=false&amp;visual=false&amp;color=ff7700\" title=\"soundcloud\"><\/iframe><\/div><div class=\"fusion-soundcloud\"><iframe scrolling=\"no\" frameborder=\"no\" width=\"100%\" height=\"166\" src=\"https:\/\/w.soundcloud.com\/player\/?url=https:\/\/soundcloud.com\/poa-pratensis\/orphan-girl&amp;auto_play=false&amp;hide_related=true&amp;show_comments=false&amp;show_user=true&amp;show_reposts=false&amp;visual=false&amp;color=ff7700\" title=\"soundcloud\"><\/iframe><\/div><div class=\"fusion-soundcloud\"><iframe scrolling=\"no\" frameborder=\"no\" width=\"100%\" height=\"166\" src=\"https:\/\/w.soundcloud.com\/player\/?url=https:\/\/soundcloud.com\/poa-pratensis\/in-the-morning&amp;auto_play=false&amp;hide_related=true&amp;show_comments=false&amp;show_user=true&amp;show_reposts=false&amp;visual=false&amp;color=ff7700\" title=\"soundcloud\"><\/iframe><\/div><div class=\"fusion-soundcloud\"><iframe scrolling=\"no\" frameborder=\"no\" width=\"100%\" height=\"166\" src=\"https:\/\/w.soundcloud.com\/player\/?url=https:\/\/soundcloud.com\/poa-pratensis\/the-wishing-well&amp;auto_play=false&amp;hide_related=true&amp;show_comments=false&amp;show_user=true&amp;show_reposts=false&amp;visual=false&amp;color=ff7700\" title=\"soundcloud\"><\/iframe><\/div><div class=\"fusion-clearfix\"><\/div>\n\n\t\t\t\t\t<\/div>\n\t\t\t\t<\/div><div  class=\"fusion-layout-column fusion_builder_column fusion_builder_column_1_4 fusion-builder-column-7 fusion-one-fourth fusion-column-last fusion-no-small-visibility 1_4\"  style='margin-top:0px;margin-bottom:20px;width:25%;width:calc(25% - ( ( 4% + 4% ) * 0.25 ) );'>\n\t\t\t\t\t<div class=\"fusion-column-wrapper\" style=\"padding: 0px 0px 0px 0px;background-position:left top;background-repeat:no-repeat;-webkit-background-size:cover;-moz-background-size:cover;-o-background-size:cover;background-size:cover;\"   data-bg-url=\"\">\n\t\t\t\t\t\t<div class=\"fusion-clearfix\"><\/div>\n\n\t\t\t\t\t<\/div>\n\t\t\t\t<\/div><div  class=\"fusion-layout-column fusion_builder_column fusion_builder_column_1_1 fusion-builder-column-8 fusion-one-full fusion-column-first fusion-column-last 1_1\"  style='margin-top:0px;margin-bottom:0px;'>\n\t\t\t\t\t<div class=\"fusion-column-wrapper\" style=\"padding: 0px 0px 0px 0px;background-position:left top;background-repeat:no-repeat;-webkit-background-size:cover;-moz-background-size:cover;-o-background-size:cover;background-size:cover;\"   data-bg-url=\"\">\n\t\t\t\t\t\t<div class=\"fusion-sep-clear\"><\/div><div class=\"fusion-separator fusion-full-width-sep sep-single sep-solid\" style=\"border-color:rgba(255,255,255,0.2);border-top-width:1px;margin-left: auto;margin-right: auto;margin-top:50px;margin-bottom:0px;\"><\/div><div class=\"fusion-clearfix\"><\/div>\n\n\t\t\t\t\t<\/div>\n\t\t\t\t<\/div><\/div><\/div><div class=\"fusion-fullwidth fullwidth-box hundred-percent-fullwidth non-hundred-percent-height-scrolling fusion-equal-height-columns\"  style='background-color: rgba(255,255,255,0);background-position: left top;background-repeat: repeat-x;padding-top:0px;padding-right:0px;padding-bottom:0px;padding-left:0px;margin-bottom: 0px;margin-top: 0px;'><div class=\"fusion-builder-row fusion-row \"><div  class=\"fusion-layout-column fusion_builder_column fusion_builder_column_1_3 fusion-builder-column-9 fusion-one-third fusion-column-first fusion-spacing-no 1_3\"  style='margin-top:0px;margin-bottom:0px;width:33.33%;width:calc(33.33% - ( ( 0px + 0px ) * 0.3333 ) );margin-right: 0px;'>\n\t\t\t\t\t<div class=\"fusion-column-wrapper\" style=\"border-right:1px solid rgba(255,255,255,0.2);padding: 75px 12% 50px 12%;background-position:center center;background-repeat:no-repeat;-webkit-background-size:cover;-moz-background-size:cover;-o-background-size:cover;background-size:cover;\"   data-bg-url=\"\">\n\t\t\t\t\t\t<div class=\"fusion-fa-align-center\"><i class=\"fontawesome-icon fa-glass-martini fas circle-no fusion-animated\" style=\"font-size:55px;color:#907754;\" data-animationType=\"fadeInUp\" data-animationDuration=\"1\" data-animationOffset=\"100%\"><\/i><\/div><div class=\"fusion-sep-clear\"><\/div><div class=\"fusion-separator fusion-full-width-sep sep-none\" style=\"margin-left: auto;margin-right: auto;margin-top:20px;\"><\/div><div class=\"fusion-title title fusion-title-4 fusion-sep-none fusion-title-center fusion-title-size-two\" style=\"margin-top:20px;margin-bottom:20px;\"><h2 class=\"title-heading-center\" style=\"margin:0;\">PUBOK<\/h2><\/div><div class=\"fusion-sep-clear\"><\/div><div class=\"fusion-separator sep-single sep-solid\" style=\"border-color:#917852;border-top-width:1px;margin-left: auto;margin-right: auto;margin-top:20px;margin-bottom:40px;width:100%;max-width:105px;\"><\/div><div class=\"fusion-text\"><p style=\"text-align: center;\">Sz\u00edvesen j\u00e1tszunk sz\u00ednpaddal rendelkez\u0151 magyarorsz\u00e1gi klubbokban, b\u00e1rokban akusztikusan.<\/p>\n<\/div><div class=\"fusion-clearfix\"><\/div>\n\n\t\t\t\t\t<\/div>\n\t\t\t\t<\/div><div  class=\"fusion-layout-column fusion_builder_column fusion_builder_column_1_3 fusion-builder-column-10 fusion-one-third fusion-blend-mode fusion-spacing-no 1_3\"  style='margin-top:0px;margin-bottom:0px;width:33.33%;width:calc(33.33% - ( ( 0px + 0px ) * 0.3333 ) );margin-right: 0px;'>\n\t\t\t\t\t<div class=\"fusion-column-wrapper\" style=\"background-color:rgba(255,255,255,0.04);border-right:1px solid rgba(255,255,255,0.15);padding: 75px 12% 50px 12%;background-position:right center;background-repeat:no-repeat;-webkit-background-size:cover;-moz-background-size:cover;-o-background-size:cover;background-size:cover;\"   data-bg-url=\"\">\n\t\t\t\t\t\t<div class=\"fusion-fa-align-center\"><i class=\"fontawesome-icon fa-guitar fas circle-no fusion-animated\" style=\"font-size:55px;color:#907754;\" data-animationType=\"fadeInUp\" data-animationDuration=\"1\" data-animationOffset=\"100%\"><\/i><\/div><div class=\"fusion-sep-clear\"><\/div><div class=\"fusion-separator fusion-full-width-sep sep-none\" style=\"margin-left: auto;margin-right: auto;margin-top:20px;\"><\/div><div class=\"fusion-title title fusion-title-5 fusion-sep-none fusion-title-center fusion-title-size-two\" style=\"margin-top:20px;margin-bottom:20px;\"><h2 class=\"title-heading-center\" style=\"margin:0;\">KONCERTEK<\/h2><\/div><div class=\"fusion-sep-clear\"><\/div><div class=\"fusion-separator sep-single sep-solid\" style=\"border-color:#917852;border-top-width:1px;margin-left: auto;margin-right: auto;margin-top:20px;margin-bottom:40px;width:100%;max-width:105px;\"><\/div><div class=\"fusion-text\"><p style=\"text-align: center;\">Sz\u00edvesen pr\u00f3b\u00e1ljuk ki magunkat \u00faj k\u00f6z\u00f6ns\u00e9g el\u0151tt k\u00fcl\u00f6nb\u00f6z\u0151 fesztiv\u00e1lokon, falunapokon, Country rendezv\u00e9nyeken.<\/p>\n<\/div><div class=\"fusion-clearfix\"><\/div>\n\n\t\t\t\t\t<\/div>\n\t\t\t\t<\/div><div  data-animationType=fadeInLeft data-animationDuration=0.3 data-animationOffset=100% class=\"fusion-layout-column fusion_builder_column fusion_builder_column_1_3 fusion-builder-column-11 fusion-one-third fusion-column-last fusion-blend-mode fusion-spacing-no fusion-animated 1_3\"  style='margin-top:0px;margin-bottom:0px;width:33.33%;width:calc(33.33% - ( ( 0px + 0px ) * 0.3333 ) );'>\n\t\t\t\t\t<div class=\"fusion-column-wrapper\" style=\"background-color:rgba(255,255,255,0.06);padding: 75px 12% 50px 12%;background-position:left top;background-repeat:no-repeat;-webkit-background-size:cover;-moz-background-size:cover;-o-background-size:cover;background-size:cover;\"   data-bg-url=\"\">\n\t\t\t\t\t\t<div class=\"fusion-fa-align-center\"><i class=\"fontawesome-icon fa-flag-usa fas circle-no fusion-animated\" style=\"font-size:55px;color:#907754;\" data-animationType=\"fadeInUp\" data-animationDuration=\"1\" data-animationOffset=\"100%\"><\/i><\/div><div class=\"fusion-sep-clear\"><\/div><div class=\"fusion-separator fusion-full-width-sep sep-none\" style=\"margin-left: auto;margin-right: auto;margin-top:20px;\"><\/div><div class=\"fusion-title title fusion-title-6 fusion-sep-none fusion-title-center fusion-title-size-two\" style=\"margin-top:20px;margin-bottom:20px;\"><h2 class=\"title-heading-center\" style=\"margin:0;\">K\u00dcLF\u00d6LD<\/h2><\/div><div class=\"fusion-sep-clear\"><\/div><div class=\"fusion-separator sep-single sep-solid\" style=\"border-color:#917852;border-top-width:1px;margin-left: auto;margin-right: auto;margin-top:20px;margin-bottom:40px;width:100%;max-width:105px;\"><\/div><div class=\"fusion-text\"><p style=\"text-align: center;\">Zenekarunk egyik f\u0151 c\u00e9lja az Eur\u00f3pai Bluegrass fesztiv\u00e1lokon val\u00f3 r\u00e9szv\u00e9tel.<\/p>\n<\/div><div class=\"fusion-clearfix\"><\/div>\n\n\t\t\t\t\t<\/div>\n\t\t\t\t<\/div><\/div><\/div><\/p>\n","protected":false},"excerpt":{"rendered":"","protected":false},"author":1,"featured_media":0,"parent":0,"menu_order":0,"comment_status":"closed","ping_status":"closed","template":"100-width.php","meta":[],"_links":{"self":[{"href":"https:\/\/pratensis.hu\/WP\/wp-json\/wp\/v2\/pages\/5"}],"collection":[{"href":"https:\/\/pratensis.hu\/WP\/wp-json\/wp\/v2\/pages"}],"about":[{"href":"https:\/\/pratensis.hu\/WP\/wp-json\/wp\/v2\/types\/page"}],"author":[{"embeddable":true,"href":"https:\/\/pratensis.hu\/WP\/wp-json\/wp\/v2\/users\/1"}],"replies":[{"embeddable":true,"href":"https:\/\/pratensis.hu\/WP\/wp-json\/wp\/v2\/comments?post=5"}],"version-history":[{"count":25,"href":"https:\/\/pratensis.hu\/WP\/wp-json\/wp\/v2\/pages\/5\/revisions"}],"predecessor-version":[{"id":2425,"href":"https:\/\/pratensis.hu\/WP\/wp-json\/wp\/v2\/pages\/5\/revisions\/2425"}],"wp:attachment":[{"href":"https:\/\/pratensis.hu\/WP\/wp-json\/wp\/v2\/media?parent=5"}],"curies":[{"name":"wp","href":"https:\/\/api.w.org\/{rel}","templated":true}]}}