{"id":15,"date":"2017-11-15T09:05:59","date_gmt":"2017-11-15T09:05:59","guid":{"rendered":"http:\/\/pratensis.hu\/WP\/?page_id=15"},"modified":"2020-10-17T14:10:11","modified_gmt":"2020-10-17T14:10:11","slug":"kapcsolat","status":"publish","type":"page","link":"https:\/\/pratensis.hu\/WP\/kapcsolat\/","title":{"rendered":"Kapcsolat"},"content":{"rendered":"<p><div class=\"fusion-fullwidth fullwidth-box fusion-parallax-none nonhundred-percent-fullwidth hundred-percent-height hundred-percent-height-center-content non-hundred-percent-height-scrolling\"  style='background-color: rgba(255,255,255,0);background-image: url(\"http:\/\/pratensis.hu\/WP\/wp-content\/uploads\/2020\/10\/poa-pratensis-ff-musor.jpg\");background-position: center center;background-repeat: no-repeat;padding-top:45px;padding-right:6%;padding-bottom:45px;padding-left:6%;-webkit-background-size:cover;-moz-background-size:cover;-o-background-size:cover;background-size:cover;'><div class=\"fusion-fullwidth-center-content\"><div class=\"fusion-builder-row fusion-row \"><div  class=\"fusion-layout-column fusion_builder_column fusion_builder_column_1_6 fusion-builder-column-1 fusion-one-sixth fusion-column-first fusion-no-small-visibility 1_6\"  style='margin-top:0px;margin-bottom:20px;width:16.66%;width:calc(16.66% - ( ( 4% + 4% ) * 0.1666 ) );margin-right: 4%;'>\n\t\t\t\t\t<div class=\"fusion-column-wrapper\" style=\"padding: 0px 0px 0px 0px;background-position:left top;background-repeat:no-repeat;-webkit-background-size:cover;-moz-background-size:cover;-o-background-size:cover;background-size:cover;\"   data-bg-url=\"\">\n\t\t\t\t\t\t<div class=\"fusion-clearfix\"><\/div>\n\n\t\t\t\t\t<\/div>\n\t\t\t\t<\/div><div  class=\"fusion-layout-column fusion_builder_column fusion_builder_column_2_3 fusion-builder-column-2 fusion-two-third 2_3\"  style='margin-top:30px;margin-bottom:30px;width:66.66%;width:calc(66.66% - ( ( 4% + 4% ) * 0.6666 ) );margin-right: 4%;'>\n\t\t\t\t\t<div class=\"fusion-column-wrapper\" style=\"padding: 0px 0px 0px 0px;background-position:left top;background-repeat:no-repeat;-webkit-background-size:cover;-moz-background-size:cover;-o-background-size:cover;background-size:cover;\"   data-bg-url=\"\">\n\t\t\t\t\t\t<div class=\"fusion-title title fusion-title-1 fusion-sep-none fusion-title-center fusion-title-size-one\" style=\"margin-top:20px;margin-bottom:20px;\"><h1 class=\"title-heading-center\" style=\"margin:0;\"><p><span style=\"color: #917852;\">M\u0170SORMEGRENDEL\u00c9S<\/span><br \/>\nKERESSEN MINKET<br \/>\nBIZALOMMAL<\/p><\/h1><\/div><div class=\"fusion-sep-clear\"><\/div><div class=\"fusion-separator sep-single sep-solid\" style=\"border-color:#917852;border-top-width:1px;margin-left: auto;margin-right: auto;margin-top:20px;margin-bottom:45px;width:100%;max-width:155px;\"><\/div><div class=\"fusion-text\"><p style=\"text-align: center;\">Ha egy hangulatos, akusztikus koncertre k\u00edv\u00e1ncsi, izgalmas feldolgoz\u00e1sokkal, keressen benn\u00fcnket b\u00e1tran!<\/p>\n<\/div><div class=\"fusion-clearfix\"><\/div>\n\n\t\t\t\t\t<\/div>\n\t\t\t\t<\/div><div  class=\"fusion-layout-column fusion_builder_column fusion_builder_column_1_6 fusion-builder-column-3 fusion-one-sixth fusion-column-last fusion-no-small-visibility 1_6\"  style='margin-top:0px;margin-bottom:20px;width:16.66%;width:calc(16.66% - ( ( 4% + 4% ) * 0.1666 ) );'>\n\t\t\t\t\t<div class=\"fusion-column-wrapper\" style=\"padding: 0px 0px 0px 0px;background-position:left top;background-repeat:no-repeat;-webkit-background-size:cover;-moz-background-size:cover;-o-background-size:cover;background-size:cover;\"   data-bg-url=\"\">\n\t\t\t\t\t\t<div class=\"fusion-clearfix\"><\/div>\n\n\t\t\t\t\t<\/div>\n\t\t\t\t<\/div><\/div><\/div><\/div><div class=\"fusion-fullwidth fullwidth-box hundred-percent-fullwidth non-hundred-percent-height-scrolling\"  style='background-color: rgba(255,255,255,0);background-position: left top;background-repeat: repeat-x;padding-top:0px;padding-right:0px;padding-bottom:100px;padding-left:0px;'><div class=\"fusion-builder-row fusion-row \"><div  class=\"fusion-layout-column fusion_builder_column fusion_builder_column_1_1 fusion-builder-column-4 fusion-one-full fusion-column-first fusion-column-last 1_1\"  style='margin-top:0px;margin-bottom:0px;'>\n\t\t\t\t\t<div class=\"fusion-column-wrapper\" style=\"padding: 0px 0px 0px 0px;background-position:left top;background-repeat:no-repeat;-webkit-background-size:cover;-moz-background-size:cover;-o-background-size:cover;background-size:cover;\"   data-bg-url=\"\">\n\t\t\t\t\t\t<div class=\"fusion-sep-clear\"><\/div><div class=\"fusion-separator fusion-full-width-sep sep-single sep-solid\" style=\"border-color:#917852;border-top-width:2px;margin-left: auto;margin-right: auto;margin-top:;\"><\/div><div class=\"fusion-clearfix\"><\/div>\n\n\t\t\t\t\t<\/div>\n\t\t\t\t<\/div><\/div><\/div><div id=\"form\"><div class=\"fusion-fullwidth fullwidth-box nonhundred-percent-fullwidth non-hundred-percent-height-scrolling fusion-no-small-visibility fusion-no-medium-visibility\"  style='background-color: rgba(255,255,255,0);background-position: left top;background-repeat: repeat-x;padding-top:7%;padding-right:0px;padding-bottom:7%;padding-left:0px;'><div class=\"fusion-builder-row fusion-row \"><div  class=\"fusion-layout-column fusion_builder_column fusion_builder_column_2_3 fusion-builder-column-5 fusion-two-third fusion-column-first 2_3\"  style='margin-top:50px;margin-bottom:50px;width:66.66%;width:calc(66.66% - ( ( 4% ) * 0.6666 ) );margin-right: 4%;'>\n\t\t\t\t\t<div class=\"fusion-column-wrapper\" style=\"padding: 0px 0px 0px 0px;background-position:left top;background-repeat:no-repeat;-webkit-background-size:cover;-moz-background-size:cover;-o-background-size:cover;background-size:cover;\"   data-bg-url=\"\">\n\t\t\t\t\t\t<span class=\"fusion-imageframe imageframe-none imageframe-1 hover-type-none\"><img loading=\"lazy\" src=\"http:\/\/pratensis.hu\/WP\/wp-content\/uploads\/2020\/05\/zenekari-foto.jpg\" width=\"\" height=\"\" alt=\"\" title=\"zenekari-foto\" class=\"img-responsive wp-image-2286\" srcset=\"https:\/\/pratensis.hu\/WP\/wp-content\/uploads\/2020\/05\/zenekari-foto-200x133.jpg 200w, https:\/\/pratensis.hu\/WP\/wp-content\/uploads\/2020\/05\/zenekari-foto-400x267.jpg 400w, https:\/\/pratensis.hu\/WP\/wp-content\/uploads\/2020\/05\/zenekari-foto-600x400.jpg 600w, https:\/\/pratensis.hu\/WP\/wp-content\/uploads\/2020\/05\/zenekari-foto-800x533.jpg 800w, https:\/\/pratensis.hu\/WP\/wp-content\/uploads\/2020\/05\/zenekari-foto-1200x800.jpg 1200w, https:\/\/pratensis.hu\/WP\/wp-content\/uploads\/2020\/05\/zenekari-foto.jpg 1280w\" sizes=\"(max-width: 800px) 100vw, 800px\" \/><\/span><div class=\"fusion-clearfix\"><\/div>\n\n\t\t\t\t\t<\/div>\n\t\t\t\t<\/div><div  class=\"fusion-layout-column fusion_builder_column fusion_builder_column_1_3 fusion-builder-column-6 fusion-one-third fusion-column-last 1_3\"  style='margin-top:50px;margin-bottom:50px;width:33.33%;width:calc(33.33% - ( ( 4% ) * 0.3333 ) );'>\n\t\t\t\t\t<div class=\"fusion-column-wrapper\" style=\"padding: 0px 0px 0px 0px;background-position:left top;background-repeat:no-repeat;-webkit-background-size:cover;-moz-background-size:cover;-o-background-size:cover;background-size:cover;\"   data-bg-url=\"\">\n\t\t\t\t\t\t<div class=\"fusion-title title fusion-title-2 fusion-sep-none fusion-title-center fusion-title-size-three\" style=\"margin-top:20px;margin-bottom:20px;\"><h3 class=\"title-heading-center\" style=\"margin:0;\">T\u00d6LGYESI P\u00c9TER<\/h3><\/div><div class=\"fusion-sep-clear\"><\/div><div class=\"fusion-separator sep-single sep-solid\" style=\"border-color:#917852;border-top-width:1px;margin-left: auto;margin-right: auto;margin-top:7px;margin-bottom:50px;width:100%;max-width:105px;\"><\/div><div class=\"fusion-sep-clear\"><\/div><div class=\"fusion-separator fusion-full-width-sep sep-none\" style=\"margin-left: auto;margin-right: auto;margin-top:15px;margin-bottom:15px;\"><\/div><div class=\"fusion-text\"><p style=\"text-align: center;\">Tel: <span style=\"color: #917852;\"> +36 30 253 8790<\/span><\/p>\n<p style=\"text-align: center;\">Email: <span style=\"color: #917852;\"><a href=\"mailto:peti@pratensis.hu\">peti@pratensis.hu<\/a><\/span><\/p>\n<p style=\"text-align: center;\">Web: <a href=\"http:\/\/pratensis.hu\">www.pratensis.hu<\/a><\/p>\n<\/div><div class=\"fusion-clearfix\"><\/div>\n\n\t\t\t\t\t<\/div>\n\t\t\t\t<\/div><\/div><\/div><\/div><div class=\"fusion-fullwidth fullwidth-box nonhundred-percent-fullwidth non-hundred-percent-height-scrolling fusion-no-large-visibility\"  style='background-color: rgba(255,255,255,0);background-position: left top;background-repeat: repeat-x;padding-top:7%;padding-right:0px;padding-bottom:7%;padding-left:0px;'><div class=\"fusion-builder-row fusion-row \"><div  class=\"fusion-layout-column fusion_builder_column fusion_builder_column_1_1 fusion-builder-column-7 fusion-one-full fusion-column-first fusion-column-last 1_1\"  style='margin-top:50px;margin-bottom:50px;'>\n\t\t\t\t\t<div class=\"fusion-column-wrapper\" style=\"padding: 0px 0px 0px 0px;background-position:left top;background-repeat:no-repeat;-webkit-background-size:cover;-moz-background-size:cover;-o-background-size:cover;background-size:cover;\"   data-bg-url=\"\">\n\t\t\t\t\t\t<div class=\"fusion-title title fusion-title-3 fusion-sep-none fusion-title-center fusion-title-size-two\" style=\"margin-top:20px;margin-bottom:20px;\"><h2 class=\"title-heading-center\" style=\"margin:0;\">KAPCSOLAT<\/h2><\/div><div class=\"fusion-title title fusion-title-4 fusion-sep-none fusion-title-center fusion-title-size-three\" style=\"margin-top:20px;margin-bottom:20px;\"><h3 class=\"title-heading-center\" style=\"margin:0;\">T\u00d6LGYESI P\u00c9TER<\/h3><\/div><div class=\"fusion-sep-clear\"><\/div><div class=\"fusion-separator sep-single sep-solid\" style=\"border-color:#917852;border-top-width:1px;margin-left: auto;margin-right: auto;margin-top:7px;margin-bottom:50px;width:100%;max-width:105px;\"><\/div><div class=\"fusion-sep-clear\"><\/div><div class=\"fusion-separator fusion-full-width-sep sep-none\" style=\"margin-left: auto;margin-right: auto;margin-top:15px;margin-bottom:15px;\"><\/div><div class=\"fusion-text\"><p style=\"text-align: center;\">Tel: <span style=\"color: #917852;\"> +36 30 253 8790<\/span><\/p>\n<p style=\"text-align: center;\">Email: <span style=\"color: #917852;\"><a href=\"mailto:peti@pratensis.hu\">peti@pratensis.hu<\/a><\/span><\/p>\n<p style=\"text-align: center;\">Web: <a href=\"http:\/\/pratensis.hu\">www.pratensis.hu<\/a><\/p>\n<\/div><div class=\"fusion-clearfix\"><\/div>\n\n\t\t\t\t\t<\/div>\n\t\t\t\t<\/div><div  class=\"fusion-layout-column fusion_builder_column fusion_builder_column_1_1 fusion-builder-column-8 fusion-one-full fusion-column-first fusion-column-last 1_1\"  style='margin-top:50px;margin-bottom:50px;'>\n\t\t\t\t\t<div class=\"fusion-column-wrapper\" style=\"padding: 0px 0px 0px 0px;background-position:left top;background-repeat:no-repeat;-webkit-background-size:cover;-moz-background-size:cover;-o-background-size:cover;background-size:cover;\"   data-bg-url=\"\">\n\t\t\t\t\t\t<span class=\"fusion-imageframe imageframe-none imageframe-2 hover-type-none\"><img loading=\"lazy\" src=\"http:\/\/pratensis.hu\/WP\/wp-content\/uploads\/2020\/05\/zenekari-foto.jpg\" width=\"\" height=\"\" alt=\"\" title=\"zenekari-foto\" class=\"img-responsive wp-image-2286\" srcset=\"https:\/\/pratensis.hu\/WP\/wp-content\/uploads\/2020\/05\/zenekari-foto-200x133.jpg 200w, https:\/\/pratensis.hu\/WP\/wp-content\/uploads\/2020\/05\/zenekari-foto-400x267.jpg 400w, https:\/\/pratensis.hu\/WP\/wp-content\/uploads\/2020\/05\/zenekari-foto-600x400.jpg 600w, https:\/\/pratensis.hu\/WP\/wp-content\/uploads\/2020\/05\/zenekari-foto-800x533.jpg 800w, https:\/\/pratensis.hu\/WP\/wp-content\/uploads\/2020\/05\/zenekari-foto-1200x800.jpg 1200w, https:\/\/pratensis.hu\/WP\/wp-content\/uploads\/2020\/05\/zenekari-foto.jpg 1280w\" sizes=\"(max-width: 800px) 100vw, 1280px\" \/><\/span><div class=\"fusion-clearfix\"><\/div>\n\n\t\t\t\t\t<\/div>\n\t\t\t\t<\/div><\/div><\/div><\/p>\n","protected":false},"excerpt":{"rendered":"","protected":false},"author":1,"featured_media":0,"parent":0,"menu_order":0,"comment_status":"closed","ping_status":"closed","template":"100-width.php","meta":[],"_links":{"self":[{"href":"https:\/\/pratensis.hu\/WP\/wp-json\/wp\/v2\/pages\/15"}],"collection":[{"href":"https:\/\/pratensis.hu\/WP\/wp-json\/wp\/v2\/pages"}],"about":[{"href":"https:\/\/pratensis.hu\/WP\/wp-json\/wp\/v2\/types\/page"}],"author":[{"embeddable":true,"href":"https:\/\/pratensis.hu\/WP\/wp-json\/wp\/v2\/users\/1"}],"replies":[{"embeddable":true,"href":"https:\/\/pratensis.hu\/WP\/wp-json\/wp\/v2\/comments?post=15"}],"version-history":[{"count":17,"href":"https:\/\/pratensis.hu\/WP\/wp-json\/wp\/v2\/pages\/15\/revisions"}],"predecessor-version":[{"id":2411,"href":"https:\/\/pratensis.hu\/WP\/wp-json\/wp\/v2\/pages\/15\/revisions\/2411"}],"wp:attachment":[{"href":"https:\/\/pratensis.hu\/WP\/wp-json\/wp\/v2\/media?parent=15"}],"curies":[{"name":"wp","href":"https:\/\/api.w.org\/{rel}","templated":true}]}}